{"id":585,"date":"2023-02-07T14:42:10","date_gmt":"2023-02-07T14:42:10","guid":{"rendered":"https:\/\/agrismartgreen.com\/iot-data-collection-measuring-station-for-precision-management\/"},"modified":"2023-11-20T21:38:24","modified_gmt":"2023-11-20T21:38:24","slug":"iot-data-collection-measuring-station-for-precision-management","status":"publish","type":"page","link":"https:\/\/agrismartgreen.com\/en\/iot-data-collection-measuring-station-for-precision-management\/","title":{"rendered":"IoT data collection measuring station for Precision Management"},"content":{"rendered":"<p><img loading=\"lazy\" decoding=\"async\" src=\"https:\/\/agrismartgreen.com\/wp-content\/uploads\/NKFIA_infoblokk_kerettel_program_fekvo_2019_HU.png\" alt=\"\" width=\"2425\" height=\"1027\" class=\"alignright size-full wp-image-409\" srcset=\"https:\/\/agrismartgreen.com\/wp-content\/uploads\/NKFIA_infoblokk_kerettel_program_fekvo_2019_HU.png 2425w, https:\/\/agrismartgreen.com\/wp-content\/uploads\/NKFIA_infoblokk_kerettel_program_fekvo_2019_HU-1280x542.png 1280w, https:\/\/agrismartgreen.com\/wp-content\/uploads\/NKFIA_infoblokk_kerettel_program_fekvo_2019_HU-980x415.png 980w, https:\/\/agrismartgreen.com\/wp-content\/uploads\/NKFIA_infoblokk_kerettel_program_fekvo_2019_HU-480x203.png 480w\" sizes=\"(min-width: 0px) and (max-width: 480px) 480px, (min-width: 481px) and (max-width: 980px) 980px, (min-width: 981px) and (max-width: 1280px) 1280px, (min-width: 1281px) 2425px, 100vw\" \/>PROJECT IDENTIFICATION DATA<\/p>\n<p>Project ID number:<\/p>\n<p>2020-1.1.1-KKV-START2020-00051<\/p>\n<p>Project title:<\/p>\n<p>IoT data collection measuring station for Precision Management<\/p>\n<p>Beneficiary: T-Markt Keresked\u0151h\u00e1z Kereskedelmi \u00e9s Szolg\u00e1ltat\u00f3 Korl\u00e1tolt Felel\u0151ss\u00e9g\u0171 T\u00e1rsas\u00e1g<\/p>\n<p>The result of our research topic: wireless, solar, battery or battery-powered low-power LoRaWAN based IoT measuring station, to which 7\/8 analog sensors, I2C sensors, SDI12 sensors, pulse output rain gauge, water meter or wind speed sensor can be connected.<\/p>\n<p>With the optimal choice of components, the measuring station has a sleep mode consumption of around 20uA, which is in the very good category for the industry, so it will remain operational for several years in sleep mode.<\/p>\n<p><img loading=\"lazy\" decoding=\"async\" src=\"https:\/\/agrismartgreen.com\/wp-content\/uploads\/Meroallomasok-beta-teszten_2-scaled.jpg\" alt=\"\" width=\"2560\" height=\"1211\" class=\"alignright size-full wp-image-411\" srcset=\"https:\/\/agrismartgreen.com\/wp-content\/uploads\/Meroallomasok-beta-teszten_2-scaled.jpg 2560w, https:\/\/agrismartgreen.com\/wp-content\/uploads\/Meroallomasok-beta-teszten_2-1280x606.jpg 1280w, https:\/\/agrismartgreen.com\/wp-content\/uploads\/Meroallomasok-beta-teszten_2-980x464.jpg 980w, https:\/\/agrismartgreen.com\/wp-content\/uploads\/Meroallomasok-beta-teszten_2-480x227.jpg 480w\" sizes=\"(min-width: 0px) and (max-width: 480px) 480px, (min-width: 481px) and (max-width: 980px) 980px, (min-width: 981px) and (max-width: 1280px) 1280px, (min-width: 1281px) 2560px, 100vw\" \/><\/p>\n<p><img loading=\"lazy\" decoding=\"async\" src=\"https:\/\/agrismartgreen.com\/wp-content\/uploads\/Meroallomas-panelok-scaled.jpg\" alt=\"\" width=\"1211\" height=\"2560\" class=\"alignright size-full wp-image-412\" srcset=\"https:\/\/agrismartgreen.com\/wp-content\/uploads\/Meroallomas-panelok-scaled.jpg 1211w, https:\/\/agrismartgreen.com\/wp-content\/uploads\/Meroallomas-panelok-980x2072.jpg 980w, https:\/\/agrismartgreen.com\/wp-content\/uploads\/Meroallomas-panelok-480x1015.jpg 480w\" sizes=\"(min-width: 0px) and (max-width: 480px) 480px, (min-width: 481px) and (max-width: 980px) 980px, (min-width: 981px) 1211px, 100vw\" \/><\/p>\n<p><img loading=\"lazy\" decoding=\"async\" src=\"https:\/\/agrismartgreen.com\/wp-content\/uploads\/Meroallomasok-beta-teszten-scaled.jpg\" alt=\"\" width=\"2560\" height=\"1211\" class=\"alignright size-full wp-image-413\" srcset=\"https:\/\/agrismartgreen.com\/wp-content\/uploads\/Meroallomasok-beta-teszten-scaled.jpg 2560w, https:\/\/agrismartgreen.com\/wp-content\/uploads\/Meroallomasok-beta-teszten-1280x606.jpg 1280w, https:\/\/agrismartgreen.com\/wp-content\/uploads\/Meroallomasok-beta-teszten-980x464.jpg 980w, https:\/\/agrismartgreen.com\/wp-content\/uploads\/Meroallomasok-beta-teszten-480x227.jpg 480w\" sizes=\"(min-width: 0px) and (max-width: 480px) 480px, (min-width: 481px) and (max-width: 980px) 980px, (min-width: 981px) and (max-width: 1280px) 1280px, (min-width: 1281px) 2560px, 100vw\" \/><\/p>\n<p><img loading=\"lazy\" decoding=\"async\" src=\"https:\/\/agrismartgreen.com\/wp-content\/uploads\/Bemeresi-folyamat-scaled.jpg\" alt=\"\" width=\"2560\" height=\"1213\" class=\"alignright size-full wp-image-414\" srcset=\"https:\/\/agrismartgreen.com\/wp-content\/uploads\/Bemeresi-folyamat-scaled.jpg 2560w, https:\/\/agrismartgreen.com\/wp-content\/uploads\/Bemeresi-folyamat-1280x607.jpg 1280w, https:\/\/agrismartgreen.com\/wp-content\/uploads\/Bemeresi-folyamat-980x464.jpg 980w, https:\/\/agrismartgreen.com\/wp-content\/uploads\/Bemeresi-folyamat-480x227.jpg 480w\" sizes=\"(min-width: 0px) and (max-width: 480px) 480px, (min-width: 481px) and (max-width: 980px) 980px, (min-width: 981px) and (max-width: 1280px) 1280px, (min-width: 1281px) 2560px, 100vw\" \/><\/p>\n","protected":false},"excerpt":{"rendered":"<p>PROJECT IDENTIFICATION DATA Project ID number: 2020-1.1.1-KKV-START2020-00051 Project title: IoT data collection measuring station for Precision Management Beneficiary: T-Markt Keresked\u0151h\u00e1z Kereskedelmi \u00e9s Szolg\u00e1ltat\u00f3 Korl\u00e1tolt Felel\u0151ss\u00e9g\u0171 T\u00e1rsas\u00e1g The result of our research topic: wireless, solar, battery or battery-powered low-power LoRaWAN based IoT measuring station, to which 7\/8 analog sensors, I2C sensors, SDI12 sensors, pulse output rain [&hellip;]<\/p>\n","protected":false},"author":1,"featured_media":0,"parent":0,"menu_order":0,"comment_status":"closed","ping_status":"closed","template":"","meta":{"_et_pb_use_builder":"","_et_pb_old_content":"","_et_gb_content_width":"","footnotes":""},"class_list":["post-585","page","type-page","status-publish","hentry"],"_links":{"self":[{"href":"https:\/\/agrismartgreen.com\/en\/wp-json\/wp\/v2\/pages\/585","targetHints":{"allow":["GET"]}}],"collection":[{"href":"https:\/\/agrismartgreen.com\/en\/wp-json\/wp\/v2\/pages"}],"about":[{"href":"https:\/\/agrismartgreen.com\/en\/wp-json\/wp\/v2\/types\/page"}],"author":[{"embeddable":true,"href":"https:\/\/agrismartgreen.com\/en\/wp-json\/wp\/v2\/users\/1"}],"replies":[{"embeddable":true,"href":"https:\/\/agrismartgreen.com\/en\/wp-json\/wp\/v2\/comments?post=585"}],"version-history":[{"count":1,"href":"https:\/\/agrismartgreen.com\/en\/wp-json\/wp\/v2\/pages\/585\/revisions"}],"predecessor-version":[{"id":589,"href":"https:\/\/agrismartgreen.com\/en\/wp-json\/wp\/v2\/pages\/585\/revisions\/589"}],"wp:attachment":[{"href":"https:\/\/agrismartgreen.com\/en\/wp-json\/wp\/v2\/media?parent=585"}],"curies":[{"name":"wp","href":"https:\/\/api.w.org\/{rel}","templated":true}]}}